{"id":8,"date":"2025-07-23T14:38:53","date_gmt":"2025-07-23T12:38:53","guid":{"rendered":"http:\/\/slon.elsatnet.cz\/wp11\/?page_id=8"},"modified":"2025-10-13T11:41:44","modified_gmt":"2025-10-13T09:41:44","slug":"penzion","status":"publish","type":"page","link":"http:\/\/slon.elsatnet.cz\/wp11\/index.php\/penzion\/","title":{"rendered":"Penzion"},"content":{"rendered":"\n<h1 class=\"wp-block-heading has-text-align-left has-neve-text-color-color has-text-color\">Penzion<\/h1>\n\n\n\n<div class=\"wp-block-group\" style=\"padding-right:var(--wp--preset--spacing--30);padding-left:var(--wp--preset--spacing--30)\"><div class=\"wp-block-group__inner-container is-layout-flow wp-block-group-is-layout-flow\">\n<ul class=\"wp-block-list\">\n<li class=\"has-medium-font-size\">N\u00e1\u0161 pension V\u00e1m nab\u00edz\u00ed 9 dvoul\u016f\u017ekov\u00fdch pokoj\u016f s p\u0159\u00edslu\u0161enstv\u00edm a jeden \u010dty\u0159l\u016f\u017ekov\u00fd apartm\u00e1n.<\/li>\n\n\n\n<li class=\"has-medium-font-size\">M\u00e1me celoro\u010dn\u00ed provoz.<\/li>\n\n\n\n<li class=\"has-medium-font-size\">Cena za pokoj je od 770&nbsp;K\u010d \/ noc (385 K\u010d za osobu \/ noc).<\/li>\n\n\n\n<li class=\"has-medium-font-size\">Cena za apartm\u00e1n je od 1400&nbsp;K\u010d za noc.<\/li>\n\n\n\n<li class=\"has-medium-font-size\">Poplatek za psa na pokoji 40 K\u010d za noc.<\/li>\n\n\n\n<li class=\"has-medium-font-size\">Apartm\u00e1n a v\u0161echny pokoje jsou vybaveny TV p\u0159ij\u00edma\u010dem.<\/li>\n\n\n\n<li class=\"has-medium-font-size\">V penzionu je zdarma WiFi p\u0159ipojen\u00ed k Internetu.<\/li>\n\n\n\n<li class=\"has-medium-font-size\">Parkov\u00e1n\u00ed aut a j\u00edzdn\u00edch kol je mo\u017en\u00e9 v uzav\u0159en\u00e9m objektu.<\/li>\n<\/ul>\n<\/div><\/div>\n\n\n\n<div class=\"wp-block-columns is-layout-flex wp-container-core-columns-is-layout-9d6595d7 wp-block-columns-is-layout-flex\">\n<div class=\"wp-block-column is-layout-flow wp-block-column-is-layout-flow\"><div class=\"wp-block-image\">\n<figure class=\"aligncenter size-full\"><img loading=\"lazy\" decoding=\"async\" width=\"122\" height=\"90\" src=\"http:\/\/slon.elsatnet.cz\/wp11\/wp-content\/uploads\/2025\/07\/images_1.png\" alt=\"\" class=\"wp-image-135\"\/><\/figure><\/div><\/div>\n\n\n\n<div class=\"wp-block-column is-layout-flow wp-block-column-is-layout-flow\"><div class=\"wp-block-image\">\n<figure class=\"aligncenter size-full\"><img loading=\"lazy\" decoding=\"async\" width=\"135\" height=\"90\" src=\"http:\/\/slon.elsatnet.cz\/wp11\/wp-content\/uploads\/2025\/07\/television.png\" alt=\"\" class=\"wp-image-137\"\/><\/figure><\/div><\/div>\n\n\n\n<div class=\"wp-block-column is-layout-flow wp-block-column-is-layout-flow\"><div class=\"wp-block-image\">\n<figure class=\"aligncenter size-full\"><img loading=\"lazy\" decoding=\"async\" width=\"134\" height=\"90\" src=\"http:\/\/slon.elsatnet.cz\/wp11\/wp-content\/uploads\/2025\/07\/parkovani_0.png\" alt=\"\" class=\"wp-image-138\"\/><\/figure><\/div><\/div>\n<\/div>\n\n\n\n<p><\/p>\n\n\n\n<h2 class=\"wp-block-heading has-text-align-center\">Pokoje<\/h2>\n\n\n\n<div class=\"wp-block-columns is-layout-flex wp-container-core-columns-is-layout-9d6595d7 wp-block-columns-is-layout-flex\">\n<div class=\"wp-block-column is-layout-flow wp-block-column-is-layout-flow\">\n<figure class=\"wp-block-image size-full has-custom-border\"><img loading=\"lazy\" decoding=\"async\" width=\"295\" height=\"221\" src=\"http:\/\/slon.elsatnet.cz\/wp11\/wp-content\/uploads\/2025\/07\/pokoj069.jpg\" alt=\"\" class=\"wp-image-125\" style=\"border-radius:10px\"\/><\/figure>\n<\/div>\n\n\n\n<div class=\"wp-block-column is-layout-flow wp-block-column-is-layout-flow\">\n<figure class=\"wp-block-image size-full has-custom-border\"><img loading=\"lazy\" decoding=\"async\" width=\"600\" height=\"300\" src=\"http:\/\/slon.elsatnet.cz\/wp11\/wp-content\/uploads\/2025\/07\/pokojnew_0.jpg\" alt=\"\" class=\"wp-image-126\" style=\"border-radius:10px\" srcset=\"http:\/\/slon.elsatnet.cz\/wp11\/wp-content\/uploads\/2025\/07\/pokojnew_0.jpg 600w, http:\/\/slon.elsatnet.cz\/wp11\/wp-content\/uploads\/2025\/07\/pokojnew_0-300x150.jpg 300w\" sizes=\"auto, (max-width: 600px) 100vw, 600px\" \/><\/figure>\n<\/div>\n\n\n\n<div class=\"wp-block-column is-layout-flow wp-block-column-is-layout-flow\">\n<figure class=\"wp-block-image size-full has-custom-border\"><img loading=\"lazy\" decoding=\"async\" width=\"295\" height=\"221\" src=\"http:\/\/slon.elsatnet.cz\/wp11\/wp-content\/uploads\/2025\/07\/pokoj052_3.jpg\" alt=\"\" class=\"wp-image-127\" style=\"border-radius:10px\"\/><\/figure>\n<\/div>\n<\/div>\n\n\n\n<h2 class=\"wp-block-heading has-text-align-center\">Apartm\u00e1n<\/h2>\n\n\n\n<div class=\"wp-block-columns is-layout-flex wp-container-core-columns-is-layout-9d6595d7 wp-block-columns-is-layout-flex\">\n<div class=\"wp-block-column is-layout-flow wp-block-column-is-layout-flow\">\n<figure class=\"wp-block-image size-full has-custom-border\"><img loading=\"lazy\" decoding=\"async\" width=\"600\" height=\"450\" src=\"http:\/\/slon.elsatnet.cz\/wp11\/wp-content\/uploads\/2025\/07\/apartman1_0_4.jpg\" alt=\"\" class=\"wp-image-130\" style=\"border-radius:10px\" srcset=\"http:\/\/slon.elsatnet.cz\/wp11\/wp-content\/uploads\/2025\/07\/apartman1_0_4.jpg 600w, http:\/\/slon.elsatnet.cz\/wp11\/wp-content\/uploads\/2025\/07\/apartman1_0_4-300x225.jpg 300w\" sizes=\"auto, (max-width: 600px) 100vw, 600px\" \/><\/figure>\n<\/div>\n\n\n\n<div class=\"wp-block-column is-layout-flow wp-block-column-is-layout-flow\">\n<figure class=\"wp-block-image size-full has-custom-border\"><img loading=\"lazy\" decoding=\"async\" width=\"600\" height=\"450\" src=\"http:\/\/slon.elsatnet.cz\/wp11\/wp-content\/uploads\/2025\/07\/apartman2_0_5.jpg\" alt=\"\" class=\"wp-image-131\" style=\"border-radius:10px\" srcset=\"http:\/\/slon.elsatnet.cz\/wp11\/wp-content\/uploads\/2025\/07\/apartman2_0_5.jpg 600w, http:\/\/slon.elsatnet.cz\/wp11\/wp-content\/uploads\/2025\/07\/apartman2_0_5-300x225.jpg 300w\" sizes=\"auto, (max-width: 600px) 100vw, 600px\" \/><\/figure>\n<\/div>\n\n\n\n<div class=\"wp-block-column is-layout-flow wp-block-column-is-layout-flow\">\n<figure class=\"wp-block-image size-full has-custom-border\"><img loading=\"lazy\" decoding=\"async\" width=\"600\" height=\"450\" src=\"http:\/\/slon.elsatnet.cz\/wp11\/wp-content\/uploads\/2025\/07\/apartman3.jpg\" alt=\"\" class=\"wp-image-132\" style=\"border-radius:10px\" srcset=\"http:\/\/slon.elsatnet.cz\/wp11\/wp-content\/uploads\/2025\/07\/apartman3.jpg 600w, http:\/\/slon.elsatnet.cz\/wp11\/wp-content\/uploads\/2025\/07\/apartman3-300x225.jpg 300w\" sizes=\"auto, (max-width: 600px) 100vw, 600px\" \/><\/figure>\n<\/div>\n<\/div>\n\n\n\n<div class=\"wp-block-columns is-layout-flex wp-container-core-columns-is-layout-9d6595d7 wp-block-columns-is-layout-flex\">\n<div class=\"wp-block-column is-layout-flow wp-block-column-is-layout-flow\"><\/div>\n\n\n\n<div class=\"wp-block-column is-layout-flow wp-block-column-is-layout-flow\">\n<div class=\"wp-block-buttons is-content-justification-center is-layout-flex wp-container-core-buttons-is-layout-16018d1d wp-block-buttons-is-layout-flex\">\n<div class=\"wp-block-button has-custom-width wp-block-button__width-100\"><a class=\"wp-block-button__link has-background has-medium-font-size has-text-align-center has-custom-font-size wp-element-button\" href=\"http:\/\/slon.elsatnet.cz\/wp11\/index.php\/formular\/\" style=\"background-color:#a32e21\">Dotaz na voln\u00fd term\u00edn<\/a><\/div>\n<\/div>\n<\/div>\n\n\n\n<div class=\"wp-block-column is-layout-flow wp-block-column-is-layout-flow\"><\/div>\n<\/div>\n\n\n\n<p><\/p>\n","protected":false},"excerpt":{"rendered":"<p>Penzion Pokoje Apartm\u00e1n<\/p>\n","protected":false},"author":1,"featured_media":0,"parent":0,"menu_order":0,"comment_status":"closed","ping_status":"closed","template":"","meta":{"neve_meta_sidebar":"","neve_meta_container":"","neve_meta_enable_content_width":"on","neve_meta_content_width":100,"neve_meta_title_alignment":"","neve_meta_author_avatar":"","neve_post_elements_order":"","neve_meta_disable_header":"","neve_meta_disable_footer":"","neve_meta_disable_title":"on","footnotes":""},"class_list":["post-8","page","type-page","status-publish","hentry"],"_links":{"self":[{"href":"http:\/\/slon.elsatnet.cz\/wp11\/index.php\/wp-json\/wp\/v2\/pages\/8","targetHints":{"allow":["GET"]}}],"collection":[{"href":"http:\/\/slon.elsatnet.cz\/wp11\/index.php\/wp-json\/wp\/v2\/pages"}],"about":[{"href":"http:\/\/slon.elsatnet.cz\/wp11\/index.php\/wp-json\/wp\/v2\/types\/page"}],"author":[{"embeddable":true,"href":"http:\/\/slon.elsatnet.cz\/wp11\/index.php\/wp-json\/wp\/v2\/users\/1"}],"replies":[{"embeddable":true,"href":"http:\/\/slon.elsatnet.cz\/wp11\/index.php\/wp-json\/wp\/v2\/comments?post=8"}],"version-history":[{"count":24,"href":"http:\/\/slon.elsatnet.cz\/wp11\/index.php\/wp-json\/wp\/v2\/pages\/8\/revisions"}],"predecessor-version":[{"id":303,"href":"http:\/\/slon.elsatnet.cz\/wp11\/index.php\/wp-json\/wp\/v2\/pages\/8\/revisions\/303"}],"wp:attachment":[{"href":"http:\/\/slon.elsatnet.cz\/wp11\/index.php\/wp-json\/wp\/v2\/media?parent=8"}],"curies":[{"name":"wp","href":"https:\/\/api.w.org\/{rel}","templated":true}]}}