{"id":7,"date":"2025-07-23T14:38:53","date_gmt":"2025-07-23T12:38:53","guid":{"rendered":"http:\/\/slon.elsatnet.cz\/wp11\/?page_id=7"},"modified":"2025-07-25T11:46:08","modified_gmt":"2025-07-25T09:46:08","slug":"domu","status":"publish","type":"page","link":"http:\/\/slon.elsatnet.cz\/wp11\/","title":{"rendered":"Dom\u016f"},"content":{"rendered":"\n<p><\/p>\n\n\n\n\t\t<div class=\"fotorama responsive-image-silder\" data-width=\"100%\"\n\t\t\tdata-height=\"\" data-nav=\"dots\"\n\t\t\tdata-navwidth=\"\" data-allowfullscreen=\"true\"\n\t\t\tdata-fit=\"cover\"\n\t\t\tdata-transitionduration=\"300\"\n\t\t\tdata-autoplay=\"true\" data-loop=\"true\"\n\t\t\tdata-arrows=\"true\" data-swipe=\"true\"\n\t\t\tdata-spinner=\"true\" data-transition=\"slide\">\n\t\t\t\t\t\t\t\t<img decoding=\"async\" src=\"http:\/\/slon.elsatnet.cz\/wp11\/wp-content\/uploads\/2025\/07\/slide_01x.jpeg\" data-caption=\"\">\n\t\t\t\t\t\t\t\t\t\t<img decoding=\"async\" src=\"http:\/\/slon.elsatnet.cz\/wp11\/wp-content\/uploads\/2025\/07\/slide_02x.jpg\" data-caption=\"\">\n\t\t\t\t\t\t\t\t\t\t<img decoding=\"async\" src=\"http:\/\/slon.elsatnet.cz\/wp11\/wp-content\/uploads\/2025\/07\/slide_03.jpg\" data-caption=\"\">\n\t\t\t\t\t\t\t<\/div>\n\t\t\n\n\n\n<div class=\"wp-block-columns is-layout-flex wp-container-core-columns-is-layout-9d6595d7 wp-block-columns-is-layout-flex\">\n<div class=\"wp-block-column is-layout-flow wp-block-column-is-layout-flow\" style=\"flex-basis:33.33%\"><div class=\"wp-block-image\">\n<figure class=\"aligncenter size-full is-resized has-custom-border\"><img loading=\"lazy\" decoding=\"async\" width=\"219\" height=\"227\" src=\"http:\/\/slon.elsatnet.cz\/wp11\/wp-content\/uploads\/2025\/07\/logonh_1.jpg\" alt=\"\" class=\"wp-image-72\" style=\"border-style:none;border-width:0px;border-radius:0px;width:180px\"\/><\/figure><\/div>\n\n<div class=\"wp-block-image\">\n<figure class=\"aligncenter size-full\"><img loading=\"lazy\" decoding=\"async\" width=\"120\" height=\"70\" src=\"http:\/\/slon.elsatnet.cz\/wp11\/wp-content\/uploads\/2025\/07\/ubytovani-jizni-cechy-mapa_3.png\" alt=\"\" class=\"wp-image-73\"\/><\/figure><\/div><\/div>\n\n\n\n<div class=\"wp-block-column is-layout-flow wp-block-column-is-layout-flow\" style=\"flex-basis:66.66%\">\n<p class=\"has-text-align-left has-nv-dark-bg-color has-text-color\" style=\"font-size:17px\"><strong>Restaurace a penzion<\/strong><\/p>\n\n\n\n<p class=\"has-nv-dark-bg-color has-text-color\" style=\"font-size:17px\">Nov\u00e1 Hospoda restaurace a penzion se nach\u00e1z\u00ed 20 km severoz\u00e1padn\u00edm sm\u011brem od \u010cesk\u00fdch Bud\u011bjovic, na okraji Zbudovsk\u00fdch blat. V okol\u00ed&nbsp;penzionu je romantick\u00e1 rovinat\u00e1 krajina pln\u00e1 rybn\u00edk\u016f a malebn\u00fdch vesni\u010dek ve stavebn\u00edm slohu Selsk\u00e9 baroko. Ji\u017en\u00edm sm\u011brem od Nov\u00e9 Hospody se otev\u00edr\u00e1 v\u00fdhled na \u0160umavsk\u00e9 podh\u016f\u0159\u00ed, Blansk\u00fd les s vrcholem Kle\u0165 kam vede lanovka a je tam nejstar\u0161\u00ed kamenn\u00e1 rozhledna u n\u00e1s. Vyu\u017eijte zdej\u0161\u00ed ubytov\u00e1n\u00ed v penzionu pro kr\u00e1tk\u00e9 proch\u00e1zky a cyklov\u00fdlety na kole po ji\u017en\u00edch \u010cech\u00e1ch. Vezm\u011bte si kola s sebou a nebudete litovat ubytov\u00e1n\u00ed v ji\u017en\u00edch \u010cech\u00e1ch a cykloturistiky. Nov\u00e1 Hospoda je certifikov\u00e1na v projektu cyklist\u00e9 v\u00edt\u00e1ni. V nedalek\u00e9 obci je mo\u017en\u00e9 vyu\u017e\u00edt multifunk\u010dn\u00ed h\u0159i\u0161t\u011b (tenisov\u00e9 kurty, basketbal, fotbal&#8230;) a d\u00e1le lukost\u0159elnici.<\/p>\n<\/div>\n<\/div>\n\n\n\n<div style=\"height:37px\" aria-hidden=\"true\" class=\"wp-block-spacer\"><\/div>\n\n\n\n<div class=\"wp-block-columns is-layout-flex wp-container-core-columns-is-layout-9d6595d7 wp-block-columns-is-layout-flex\">\n<div class=\"wp-block-column neve-duotone is-layout-flow wp-block-column-is-layout-flow\" style=\"padding-right:var(--wp--preset--spacing--30);padding-left:var(--wp--preset--spacing--30)\"><div class=\"wp-block-image icon-style is-style-default wp-duotone-unset-1\">\n<figure class=\"aligncenter size-full has-custom-border\"><img loading=\"lazy\" decoding=\"async\" width=\"134\" height=\"90\" src=\"http:\/\/slon.elsatnet.cz\/wp11\/wp-content\/uploads\/2025\/07\/parkovani_0.png\" alt=\"\" class=\"wp-image-138\" style=\"border-radius:0px\" title=\"\"\/><\/figure><\/div>\n\n\n<div style=\"height:16px\" aria-hidden=\"true\" class=\"wp-block-spacer\"><\/div>\n\n\n\n<h3 class=\"wp-block-heading has-text-align-center has-neve-text-color-color has-text-color\">Mo\u017enost parkov\u00e1n\u00ed<\/h3>\n\n\n\n<div style=\"height:20px\" aria-hidden=\"true\" class=\"wp-block-spacer\"><\/div>\n<\/div>\n\n\n\n<div class=\"wp-block-column is-layout-flow wp-block-column-is-layout-flow\" style=\"padding-right:var(--wp--preset--spacing--30);padding-left:var(--wp--preset--spacing--30)\"><div class=\"wp-block-image icon-style is-style-default\">\n<figure class=\"aligncenter size-full has-custom-border\"><img loading=\"lazy\" decoding=\"async\" width=\"122\" height=\"90\" src=\"http:\/\/slon.elsatnet.cz\/wp11\/wp-content\/uploads\/2025\/07\/images_1.png\" alt=\"\" class=\"wp-image-135\" style=\"border-radius:0px\" title=\"\"\/><\/figure><\/div>\n\n\n<div style=\"height:16px\" aria-hidden=\"true\" class=\"wp-block-spacer\"><\/div>\n\n\n\n<h3 class=\"wp-block-heading has-text-align-center has-neve-text-color-color has-text-color\">WiFi v objektu<\/h3>\n\n\n\n<div style=\"height:20px\" aria-hidden=\"true\" class=\"wp-block-spacer\"><\/div>\n<\/div>\n\n\n\n<div class=\"wp-block-column is-layout-flow wp-block-column-is-layout-flow\" style=\"padding-right:var(--wp--preset--spacing--30);padding-left:var(--wp--preset--spacing--30)\"><div class=\"wp-block-image icon-style is-style-default wp-duotone-unset-2\">\n<figure class=\"aligncenter size-full has-custom-border\"><img loading=\"lazy\" decoding=\"async\" width=\"79\" height=\"90\" src=\"http:\/\/slon.elsatnet.cz\/wp11\/wp-content\/uploads\/2025\/07\/bezbar.png\" alt=\"\" class=\"wp-image-154\" style=\"border-radius:0px\" title=\"\"\/><\/figure><\/div>\n\n\n<div style=\"height:16px\" aria-hidden=\"true\" class=\"wp-block-spacer\"><\/div>\n\n\n\n<h3 class=\"wp-block-heading has-text-align-center has-neve-text-color-color has-text-color\">Bezbari\u00e9rov\u00fd p\u0159\u00edstup<\/h3>\n\n\n\n<div style=\"height:20px\" aria-hidden=\"true\" class=\"wp-block-spacer\"><\/div>\n<\/div>\n\n\n\n<div class=\"wp-block-column is-layout-flow wp-block-column-is-layout-flow\" style=\"padding-right:var(--wp--preset--spacing--30);padding-left:var(--wp--preset--spacing--30)\"><div class=\"wp-block-image icon-style is-style-default wp-duotone-unset-3\">\n<figure class=\"aligncenter size-full has-custom-border\"><img loading=\"lazy\" decoding=\"async\" width=\"90\" height=\"90\" src=\"http:\/\/slon.elsatnet.cz\/wp11\/wp-content\/uploads\/2025\/07\/Pivo_ikona.png\" alt=\"\" class=\"wp-image-155\" style=\"border-radius:0px\" title=\"\"\/><\/figure><\/div>\n\n\n<div style=\"height:16px\" aria-hidden=\"true\" class=\"wp-block-spacer\"><\/div>\n\n\n\n<h3 class=\"wp-block-heading has-text-align-center has-neve-text-color-color has-text-color\">Dom\u00e1c\u00ed a mezin\u00e1rodn\u00ed kuchyn\u011b<\/h3>\n\n\n\n<div style=\"height:20px\" aria-hidden=\"true\" class=\"wp-block-spacer\"><\/div>\n<\/div>\n<\/div>\n\n\n\n<p><\/p>\n","protected":false},"excerpt":{"rendered":"<p>Restaurace a penzion Nov\u00e1 Hospoda restaurace a penzion se nach\u00e1z\u00ed 20 km severoz\u00e1padn\u00edm sm\u011brem od \u010cesk\u00fdch Bud\u011bjovic, na okraji Zbudovsk\u00fdch blat. V okol\u00ed&nbsp;penzionu je romantick\u00e1 rovinat\u00e1 krajina pln\u00e1 rybn\u00edk\u016f a malebn\u00fdch vesni\u010dek ve stavebn\u00edm slohu Selsk\u00e9 baroko. Ji\u017en\u00edm sm\u011brem od Nov\u00e9 Hospody se otev\u00edr\u00e1 v\u00fdhled na \u0160umavsk\u00e9 podh\u016f\u0159\u00ed, Blansk\u00fd les s vrcholem Kle\u0165 kam vede&hellip;&nbsp;<a href=\"http:\/\/slon.elsatnet.cz\/wp11\/index.php\/responsive_slider\/prvni\/\" rel=\"bookmark\"><span class=\"screen-reader-text\">Prvni home strana<\/span><\/a><\/p>\n","protected":false},"author":1,"featured_media":0,"parent":0,"menu_order":0,"comment_status":"closed","ping_status":"closed","template":"","meta":{"neve_meta_sidebar":"default","neve_meta_container":"","neve_meta_enable_content_width":"off","neve_meta_content_width":70,"neve_meta_title_alignment":"left","neve_meta_author_avatar":"","neve_post_elements_order":"","neve_meta_disable_header":"","neve_meta_disable_footer":"","neve_meta_disable_title":"on","footnotes":""},"class_list":["post-7","page","type-page","status-publish","hentry"],"_links":{"self":[{"href":"http:\/\/slon.elsatnet.cz\/wp11\/index.php\/wp-json\/wp\/v2\/pages\/7","targetHints":{"allow":["GET"]}}],"collection":[{"href":"http:\/\/slon.elsatnet.cz\/wp11\/index.php\/wp-json\/wp\/v2\/pages"}],"about":[{"href":"http:\/\/slon.elsatnet.cz\/wp11\/index.php\/wp-json\/wp\/v2\/types\/page"}],"author":[{"embeddable":true,"href":"http:\/\/slon.elsatnet.cz\/wp11\/index.php\/wp-json\/wp\/v2\/users\/1"}],"replies":[{"embeddable":true,"href":"http:\/\/slon.elsatnet.cz\/wp11\/index.php\/wp-json\/wp\/v2\/comments?post=7"}],"version-history":[{"count":36,"href":"http:\/\/slon.elsatnet.cz\/wp11\/index.php\/wp-json\/wp\/v2\/pages\/7\/revisions"}],"predecessor-version":[{"id":187,"href":"http:\/\/slon.elsatnet.cz\/wp11\/index.php\/wp-json\/wp\/v2\/pages\/7\/revisions\/187"}],"wp:attachment":[{"href":"http:\/\/slon.elsatnet.cz\/wp11\/index.php\/wp-json\/wp\/v2\/media?parent=7"}],"curies":[{"name":"wp","href":"https:\/\/api.w.org\/{rel}","templated":true}]}}