{"id":198,"date":"2025-07-25T12:11:09","date_gmt":"2025-07-25T10:11:09","guid":{"rendered":"http:\/\/slon.elsatnet.cz\/wp11\/?page_id=198"},"modified":"2025-07-25T12:36:15","modified_gmt":"2025-07-25T10:36:15","slug":"cykloturistika","status":"publish","type":"page","link":"http:\/\/slon.elsatnet.cz\/wp11\/index.php\/cykloturistika\/","title":{"rendered":"Cykloturistika"},"content":{"rendered":"\n<h2 class=\"wp-block-heading\">Cykloturistika<\/h2>\n\n\n\n<div class=\"wp-block-columns is-layout-flex wp-container-core-columns-is-layout-9d6595d7 wp-block-columns-is-layout-flex\">\n<div class=\"wp-block-column is-layout-flow wp-block-column-is-layout-flow\">\n<p class=\"has-medium-font-size\">V okol\u00ed Nov\u00e9 Hospody je mnoho zaj\u00edmav\u00fdch m\u00edst, kter\u00e1 je mo\u017en\u00e9 nav\u0161t\u00edvit na kole. V okol\u00ed najdete tajemn\u00e9 m\u00edsto na blatech spojen\u00e9 s \u00fadajnou popravou rycht\u00e1\u0159e Jakuba Kubaty, \u010deskobud\u011bjovickou rybni\u010dn\u00ed p\u00e1nev, vesni\u010dky ve stylu selsk\u00e9ho baroka (nedaleko jsou Hola\u0161ovice zapsan\u00e9 na seznam UNESCO), ovocn\u00e1\u0159skou oblast v okol\u00ed Chel\u010dic a zn\u00e1m\u00e9 poutn\u00ed m\u00edsto Lomec. Zaj\u00edmavost\u00ed jsou tak\u00e9 Netolice s nov\u00fdm archeoparkem a s nedalek\u00fdm vodn\u00edm z\u00e1mkem Kratochv\u00edle.<\/p>\n<\/div>\n<\/div>\n\n\n\n<div class=\"wp-block-columns is-layout-flex wp-container-core-columns-is-layout-9d6595d7 wp-block-columns-is-layout-flex\">\n<div class=\"wp-block-column is-vertically-aligned-center is-layout-flow wp-block-column-is-layout-flow\"><div class=\"wp-block-image\">\n<figure class=\"aligncenter size-full\"><img loading=\"lazy\" decoding=\"async\" width=\"120\" height=\"137\" src=\"http:\/\/slon.elsatnet.cz\/wp11\/wp-content\/uploads\/2025\/07\/CV_2008m.jpg\" alt=\"\" class=\"wp-image-203\"\/><\/figure><\/div>\n\n\n<p class=\"has-text-align-center has-medium-font-size\"><strong>N\u00e1\u0161 penzion je zapojen do programu <\/strong><br><strong>Cyklist\u00e9 v\u00edt\u00e1ni.&nbsp;<\/strong><\/p>\n<\/div>\n\n\n\n<div class=\"wp-block-column is-layout-flow wp-block-column-is-layout-flow\"><div class=\"wp-block-image\">\n<figure class=\"aligncenter size-full has-custom-border\"><img loading=\"lazy\" decoding=\"async\" width=\"300\" height=\"225\" src=\"http:\/\/slon.elsatnet.cz\/wp11\/wp-content\/uploads\/2025\/07\/kolarna_2.jpg\" alt=\"\" class=\"wp-image-202\" style=\"border-radius:7px\"\/><\/figure><\/div>\n\n\n<div style=\"height:20px\" aria-hidden=\"true\" class=\"wp-block-spacer\"><\/div>\n\n\n\n<p class=\"has-text-align-center has-medium-font-size\"><strong>Pro cyklisty m\u00e1me p\u0159ipravenu uzamykatelnou kol\u00e1rnu <\/strong><br><strong>s vybaven\u00edm.<\/strong><\/p>\n<\/div>\n<\/div>\n\n\n\n<p><\/p>\n","protected":false},"excerpt":{"rendered":"<p>Cykloturistika V okol\u00ed Nov\u00e9 Hospody je mnoho zaj\u00edmav\u00fdch m\u00edst, kter\u00e1 je mo\u017en\u00e9 nav\u0161t\u00edvit na kole. V okol\u00ed najdete tajemn\u00e9 m\u00edsto na blatech spojen\u00e9 s \u00fadajnou popravou rycht\u00e1\u0159e Jakuba Kubaty, \u010deskobud\u011bjovickou rybni\u010dn\u00ed p\u00e1nev, vesni\u010dky ve stylu selsk\u00e9ho baroka (nedaleko jsou Hola\u0161ovice zapsan\u00e9 na seznam UNESCO), ovocn\u00e1\u0159skou oblast v okol\u00ed Chel\u010dic a zn\u00e1m\u00e9 poutn\u00ed m\u00edsto Lomec. Zaj\u00edmavost\u00ed&hellip;&nbsp;<a href=\"http:\/\/slon.elsatnet.cz\/wp11\/index.php\/cykloturistika\/\" rel=\"bookmark\"><span class=\"screen-reader-text\">Cykloturistika<\/span><\/a><\/p>\n","protected":false},"author":1,"featured_media":0,"parent":0,"menu_order":0,"comment_status":"closed","ping_status":"closed","template":"","meta":{"neve_meta_sidebar":"","neve_meta_container":"","neve_meta_enable_content_width":"","neve_meta_content_width":0,"neve_meta_title_alignment":"","neve_meta_author_avatar":"","neve_post_elements_order":"","neve_meta_disable_header":"","neve_meta_disable_footer":"","neve_meta_disable_title":"","footnotes":""},"class_list":["post-198","page","type-page","status-publish","hentry"],"_links":{"self":[{"href":"http:\/\/slon.elsatnet.cz\/wp11\/index.php\/wp-json\/wp\/v2\/pages\/198","targetHints":{"allow":["GET"]}}],"collection":[{"href":"http:\/\/slon.elsatnet.cz\/wp11\/index.php\/wp-json\/wp\/v2\/pages"}],"about":[{"href":"http:\/\/slon.elsatnet.cz\/wp11\/index.php\/wp-json\/wp\/v2\/types\/page"}],"author":[{"embeddable":true,"href":"http:\/\/slon.elsatnet.cz\/wp11\/index.php\/wp-json\/wp\/v2\/users\/1"}],"replies":[{"embeddable":true,"href":"http:\/\/slon.elsatnet.cz\/wp11\/index.php\/wp-json\/wp\/v2\/comments?post=198"}],"version-history":[{"count":8,"href":"http:\/\/slon.elsatnet.cz\/wp11\/index.php\/wp-json\/wp\/v2\/pages\/198\/revisions"}],"predecessor-version":[{"id":213,"href":"http:\/\/slon.elsatnet.cz\/wp11\/index.php\/wp-json\/wp\/v2\/pages\/198\/revisions\/213"}],"wp:attachment":[{"href":"http:\/\/slon.elsatnet.cz\/wp11\/index.php\/wp-json\/wp\/v2\/media?parent=198"}],"curies":[{"name":"wp","href":"https:\/\/api.w.org\/{rel}","templated":true}]}}