{"id":181,"date":"2025-07-25T11:30:09","date_gmt":"2025-07-25T09:30:09","guid":{"rendered":"http:\/\/slon.elsatnet.cz\/wp11\/?page_id=181"},"modified":"2025-07-25T14:40:39","modified_gmt":"2025-07-25T12:40:39","slug":"formular","status":"publish","type":"page","link":"http:\/\/slon.elsatnet.cz\/wp11\/index.php\/formular\/","title":{"rendered":"Dotaz na voln\u00fd term\u00edn"},"content":{"rendered":"\n<h1 class=\"wp-block-heading\"><\/h1>\n\n\n\n<p class=\"has-medium-font-size\">Pokud m\u00e1te z\u00e1jem o ubytov\u00e1n\u00ed, tak n\u00e1m m\u016f\u017eete zaslat dotaz.&nbsp;V co nejkrat\u0161\u00ed dob\u011b se v\u00e1m ozveme.<\/p>\n\n\n<div class=\"wpforms-container wpforms-container-full wpforms-block wpforms-block-ab505fe9-d8da-4ac0-ba1a-13f550154fa0 wpforms-render-modern\" id=\"wpforms-179\"><form id=\"wpforms-form-179\" class=\"wpforms-validate wpforms-form wpforms-ajax-form\" data-formid=\"179\" method=\"post\" enctype=\"multipart\/form-data\" action=\"\/wp11\/index.php\/wp-json\/wp\/v2\/pages\/181\" data-token=\"06e87eb26684b656c7ef0f6b015956a6\" data-token-time=\"1776221260\"><noscript class=\"wpforms-error-noscript\">Chcete-li vyplnit tento formul\u00e1\u0159, pros\u00edm povolte v prohl\u00ed\u017ee\u010di JavaScript.<\/noscript><div id=\"wpforms-error-noscript\" style=\"display: none;\">Chcete-li vyplnit tento formul\u00e1\u0159, pros\u00edm povolte v prohl\u00ed\u017ee\u010di JavaScript.<\/div><div class=\"wpforms-field-container\"><div id=\"wpforms-179-field_1-container\" class=\"wpforms-field wpforms-field-name\" data-field-id=\"1\"><label class=\"wpforms-field-label\" for=\"wpforms-179-field_1\">Jm\u00e9no <span class=\"wpforms-required-label\" aria-hidden=\"true\">*<\/span><\/label><input type=\"text\" id=\"wpforms-179-field_1\" class=\"wpforms-field-medium wpforms-field-required\" name=\"wpforms[fields][1]\" aria-errormessage=\"wpforms-179-field_1-error\" required><\/div>\t\t<div id=\"wpforms-179-field_7-container\"\n\t\t\tclass=\"wpforms-field wpforms-field-text\"\n\t\t\tdata-field-type=\"text\"\n\t\t\tdata-field-id=\"7\"\n\t\t\t>\n\t\t\t<label class=\"wpforms-field-label\" for=\"wpforms-179-field_7\" >odjezdu Telefon Pokoj<\/label>\n\t\t\t<input type=\"text\" id=\"wpforms-179-field_7\" class=\"wpforms-field-medium\" name=\"wpforms[fields][7]\" >\n\t\t<\/div>\n\t\t<div id=\"wpforms-179-field_2-container\" class=\"wpforms-field wpforms-field-email\" data-field-id=\"2\"><label class=\"wpforms-field-label\" for=\"wpforms-179-field_2\">E-mail <span class=\"wpforms-required-label\" aria-hidden=\"true\">*<\/span><\/label><input type=\"email\" id=\"wpforms-179-field_2\" class=\"wpforms-field-medium wpforms-field-required\" name=\"wpforms[fields][2]\" spellcheck=\"false\" aria-errormessage=\"wpforms-179-field_2-error\" required><\/div><div id=\"wpforms-179-field_5-container\" class=\"wpforms-field wpforms-field-text\" data-field-id=\"5\"><label class=\"wpforms-field-label\" for=\"wpforms-179-field_5\">Telefon<\/label><input type=\"text\" id=\"wpforms-179-field_5\" class=\"wpforms-field-small\" name=\"wpforms[fields][5]\" aria-errormessage=\"wpforms-179-field_5-error\" ><\/div><div id=\"wpforms-179-field_10-container\" class=\"wpforms-field wpforms-field-radio\" data-field-id=\"10\"><fieldset><legend class=\"wpforms-field-label\">Pokoj <span class=\"wpforms-required-label\" aria-hidden=\"true\">*<\/span><\/legend><ul id=\"wpforms-179-field_10\" class=\"wpforms-field-required\"><li class=\"choice-1 depth-1\"><input type=\"radio\" id=\"wpforms-179-field_10_1\" name=\"wpforms[fields][10]\" value=\"Dvoul\u016f\u017ekov\u00fd pokoj\" aria-errormessage=\"wpforms-179-field_10_1-error\" required ><label class=\"wpforms-field-label-inline\" for=\"wpforms-179-field_10_1\">Dvoul\u016f\u017ekov\u00fd pokoj<\/label><\/li><li class=\"choice-2 depth-1\"><input type=\"radio\" id=\"wpforms-179-field_10_2\" name=\"wpforms[fields][10]\" value=\"Apartm\u00e1n, 4 l\u016f\u017eka\" aria-errormessage=\"wpforms-179-field_10_2-error\" required ><label class=\"wpforms-field-label-inline\" for=\"wpforms-179-field_10_2\">Apartm\u00e1n, 4 l\u016f\u017eka<\/label><\/li><\/ul><\/fieldset><\/div><div id=\"wpforms-179-field_4-container\" class=\"wpforms-field wpforms-field-text\" data-field-id=\"4\"><label class=\"wpforms-field-label\" for=\"wpforms-179-field_4\">Datum p\u0159\u00edjezdu <span class=\"wpforms-required-label\" aria-hidden=\"true\">*<\/span><\/label><input type=\"text\" id=\"wpforms-179-field_4\" class=\"wpforms-field-small wpforms-field-required\" name=\"wpforms[fields][4]\" value=\"15\/04\/2026\" aria-errormessage=\"wpforms-179-field_4-error\" required><\/div><div id=\"wpforms-179-field_6-container\" class=\"wpforms-field wpforms-field-text\" data-field-id=\"6\"><label class=\"wpforms-field-label\" for=\"wpforms-179-field_6\">Datum odjezdu <span class=\"wpforms-required-label\" aria-hidden=\"true\">*<\/span><\/label><input type=\"text\" id=\"wpforms-179-field_6\" class=\"wpforms-field-small wpforms-field-required\" name=\"wpforms[fields][6]\" value=\"15\/04\/2026\" aria-errormessage=\"wpforms-179-field_6-error\" required><\/div><div id=\"wpforms-179-field_11-container\" class=\"wpforms-field wpforms-field-number\" data-field-id=\"11\"><label class=\"wpforms-field-label\" for=\"wpforms-179-field_11\">Po\u010det osob <span class=\"wpforms-required-label\" aria-hidden=\"true\">*<\/span><\/label><input type=\"number\" id=\"wpforms-179-field_11\" class=\"wpforms-field-small wpforms-field-required\" name=\"wpforms[fields][11]\" min=\"1\" max=\"25\" step=\"any\" aria-errormessage=\"wpforms-179-field_11-error\" required><\/div><div id=\"wpforms-179-field_3-container\" class=\"wpforms-field wpforms-field-textarea\" data-field-id=\"3\"><label class=\"wpforms-field-label\" for=\"wpforms-179-field_3\">Koment\u00e1\u0159 nebo zpr\u00e1va<\/label><textarea id=\"wpforms-179-field_3\" class=\"wpforms-field-medium\" name=\"wpforms[fields][3]\" aria-errormessage=\"wpforms-179-field_3-error\" ><\/textarea><\/div><script>\n\t\t\t\t( function() {\n\t\t\t\t\tconst style = document.createElement( 'style' );\n\t\t\t\t\tstyle.appendChild( document.createTextNode( '#wpforms-179-field_7-container { position: absolute !important; overflow: hidden !important; display: inline !important; height: 1px !important; width: 1px !important; z-index: -1000 !important; padding: 0 !important; } #wpforms-179-field_7-container input { visibility: hidden; } #wpforms-conversational-form-page #wpforms-179-field_7-container label { counter-increment: none; }' ) );\n\t\t\t\t\tdocument.head.appendChild( style );\n\t\t\t\t\tdocument.currentScript?.remove();\n\t\t\t\t} )();\n\t\t\t<\/script><\/div><!-- .wpforms-field-container --><div class=\"wpforms-submit-container\" ><input type=\"hidden\" name=\"wpforms[id]\" value=\"179\"><input type=\"hidden\" name=\"page_title\" value=\"\"><input type=\"hidden\" name=\"page_url\" value=\"http:\/\/slon.elsatnet.cz\/wp11\/index.php\/wp-json\/wp\/v2\/pages\/181\"><input type=\"hidden\" name=\"url_referer\" value=\"\"><button type=\"submit\" name=\"wpforms[submit]\" id=\"wpforms-submit-179\" class=\"wpforms-submit\" data-alt-text=\"Odes\u00edl\u00e1ni...\" data-submit-text=\"Odeslat\" aria-live=\"assertive\" value=\"wpforms-submit\">Odeslat<\/button><img loading=\"lazy\" decoding=\"async\" src=\"http:\/\/slon.elsatnet.cz\/wp11\/wp-content\/plugins\/wpforms-lite\/assets\/images\/submit-spin.svg\" class=\"wpforms-submit-spinner\" style=\"display: none;\" width=\"26\" height=\"26\" alt=\"Na\u010d\u00edt\u00e1n\u00ed\"><\/div><\/form><\/div>  <!-- .wpforms-container -->","protected":false},"excerpt":{"rendered":"<p>Pokud m\u00e1te z\u00e1jem o ubytov\u00e1n\u00ed, tak n\u00e1m m\u016f\u017eete zaslat dotaz.&nbsp;V co nejkrat\u0161\u00ed dob\u011b se v\u00e1m ozveme.<\/p>\n","protected":false},"author":1,"featured_media":0,"parent":0,"menu_order":0,"comment_status":"closed","ping_status":"closed","template":"","meta":{"neve_meta_sidebar":"","neve_meta_container":"","neve_meta_enable_content_width":"","neve_meta_content_width":0,"neve_meta_title_alignment":"","neve_meta_author_avatar":"","neve_post_elements_order":"","neve_meta_disable_header":"","neve_meta_disable_footer":"","neve_meta_disable_title":"","footnotes":""},"class_list":["post-181","page","type-page","status-publish","hentry"],"_links":{"self":[{"href":"http:\/\/slon.elsatnet.cz\/wp11\/index.php\/wp-json\/wp\/v2\/pages\/181","targetHints":{"allow":["GET"]}}],"collection":[{"href":"http:\/\/slon.elsatnet.cz\/wp11\/index.php\/wp-json\/wp\/v2\/pages"}],"about":[{"href":"http:\/\/slon.elsatnet.cz\/wp11\/index.php\/wp-json\/wp\/v2\/types\/page"}],"author":[{"embeddable":true,"href":"http:\/\/slon.elsatnet.cz\/wp11\/index.php\/wp-json\/wp\/v2\/users\/1"}],"replies":[{"embeddable":true,"href":"http:\/\/slon.elsatnet.cz\/wp11\/index.php\/wp-json\/wp\/v2\/comments?post=181"}],"version-history":[{"count":5,"href":"http:\/\/slon.elsatnet.cz\/wp11\/index.php\/wp-json\/wp\/v2\/pages\/181\/revisions"}],"predecessor-version":[{"id":299,"href":"http:\/\/slon.elsatnet.cz\/wp11\/index.php\/wp-json\/wp\/v2\/pages\/181\/revisions\/299"}],"wp:attachment":[{"href":"http:\/\/slon.elsatnet.cz\/wp11\/index.php\/wp-json\/wp\/v2\/media?parent=181"}],"curies":[{"name":"wp","href":"https:\/\/api.w.org\/{rel}","templated":true}]}}