{"id":10,"date":"2025-07-23T14:38:53","date_gmt":"2025-07-23T12:38:53","guid":{"rendered":"http:\/\/slon.elsatnet.cz\/wp11\/?page_id=10"},"modified":"2025-07-25T12:46:57","modified_gmt":"2025-07-25T10:46:57","slug":"historie","status":"publish","type":"page","link":"http:\/\/slon.elsatnet.cz\/wp11\/index.php\/historie\/","title":{"rendered":"Historie"},"content":{"rendered":"\n<div class=\"wp-block-cover alignfull\" style=\"min-height:156px;aspect-ratio:unset;\"><span aria-hidden=\"true\" class=\"wp-block-cover__background has-nv-site-bg-background-color has-background-dim-100 has-background-dim\"><\/span><div class=\"wp-block-cover__inner-container is-layout-flow wp-block-cover-is-layout-flow\">\n<div class=\"wp-block-group\" style=\"padding-right:var(--wp--preset--spacing--30);padding-left:var(--wp--preset--spacing--30)\"><div class=\"wp-block-group__inner-container is-layout-flow wp-block-group-is-layout-flow\">\n<h1 class=\"wp-block-heading has-text-align-left has-neve-text-color-color has-text-color\">Historie<\/h1>\n<\/div><\/div>\n<\/div><\/div>\n\n\n\n<h2 class=\"wp-block-heading\">Z historie Nov\u00e9 Hospody<\/h2>\n\n\n\n<p class=\"has-medium-font-size\">Nov\u00e1 Hospoda byla vystav\u011bna v roce 1812 jako formansk\u00e1 hospoda na Zlat\u00e9 stezce, po kter\u00e9 se vozila s\u016fl ze soln\u00e9 komory na sever. Hostinsk\u00e1 \u010dinnost prob\u00edhala a\u017e do roku 1933, zem\u011bd\u011blsk\u00e1 n\u00e1sleduj\u00edc\u00edch dvacet let a pak byla ukon\u010dena n\u00e1siln\u00fdm vyst\u011bhov\u00e1n\u00edm majitel\u016f v roce 1956. Roku 1992 se vrac\u00ed d\u011bdic a dne\u0161n\u00ed majitel, kter\u00fd usedlost zrekonstruoval a opravil do sou\u010dasn\u00e9 podoby. Jeho prvn\u00ed po\u010dinem bylo znovuosazen\u00ed zvoni\u010dky zvonem, kter\u00fd byl po 40 let uchov\u00e1n v kostele v bl\u00edzk\u00e9m Sedlci. Na zvonu je vylit n\u00e1pis: &#8222;Tom\u00e1\u0161 \u0160tika prvn\u00ed na Nov\u00e9 Hospod\u011b za vyv\u00e1znut\u00ed z t\u011b\u017ek\u00e9 nemoci zalo\u017eil tento zvon roku 1894&#8220;.<\/p>\n\n\n\n<div class=\"wp-block-columns is-layout-flex wp-container-core-columns-is-layout-9d6595d7 wp-block-columns-is-layout-flex\">\n<div class=\"wp-block-column is-layout-flow wp-block-column-is-layout-flow\"><div class=\"wp-block-image\">\n<figure class=\"aligncenter size-full has-custom-border\"><img loading=\"lazy\" decoding=\"async\" width=\"500\" height=\"286\" src=\"http:\/\/slon.elsatnet.cz\/wp11\/wp-content\/uploads\/2025\/07\/penziony-historie-2.jpg\" alt=\"\" class=\"wp-image-162\" style=\"border-radius:10px\" srcset=\"http:\/\/slon.elsatnet.cz\/wp11\/wp-content\/uploads\/2025\/07\/penziony-historie-2.jpg 500w, http:\/\/slon.elsatnet.cz\/wp11\/wp-content\/uploads\/2025\/07\/penziony-historie-2-300x172.jpg 300w\" sizes=\"auto, (max-width: 500px) 100vw, 500px\" \/><\/figure><\/div><\/div>\n\n\n\n<div class=\"wp-block-column is-layout-flow wp-block-column-is-layout-flow\"><div class=\"wp-block-image\">\n<figure class=\"aligncenter size-full has-custom-border\"><img loading=\"lazy\" decoding=\"async\" width=\"500\" height=\"256\" src=\"http:\/\/slon.elsatnet.cz\/wp11\/wp-content\/uploads\/2025\/07\/penziony-historie-1.jpg\" alt=\"\" class=\"wp-image-161\" style=\"border-radius:10px\" srcset=\"http:\/\/slon.elsatnet.cz\/wp11\/wp-content\/uploads\/2025\/07\/penziony-historie-1.jpg 500w, http:\/\/slon.elsatnet.cz\/wp11\/wp-content\/uploads\/2025\/07\/penziony-historie-1-300x154.jpg 300w\" sizes=\"auto, (max-width: 500px) 100vw, 500px\" \/><\/figure><\/div><\/div>\n<\/div>\n\n\n\n<p><\/p>\n","protected":false},"excerpt":{"rendered":"<p>Z historie Nov\u00e9 Hospody Nov\u00e1 Hospoda byla vystav\u011bna v roce 1812 jako formansk\u00e1 hospoda na Zlat\u00e9 stezce, po kter\u00e9 se vozila s\u016fl ze soln\u00e9 komory na sever. Hostinsk\u00e1 \u010dinnost prob\u00edhala a\u017e do roku 1933, zem\u011bd\u011blsk\u00e1 n\u00e1sleduj\u00edc\u00edch dvacet let a pak byla ukon\u010dena n\u00e1siln\u00fdm vyst\u011bhov\u00e1n\u00edm majitel\u016f v roce 1956. Roku 1992 se vrac\u00ed d\u011bdic a dne\u0161n\u00ed&hellip;&nbsp;<a href=\"http:\/\/slon.elsatnet.cz\/wp11\/index.php\/historie\/\" rel=\"bookmark\"><span class=\"screen-reader-text\">Historie<\/span><\/a><\/p>\n","protected":false},"author":1,"featured_media":0,"parent":0,"menu_order":0,"comment_status":"closed","ping_status":"closed","template":"","meta":{"neve_meta_sidebar":"","neve_meta_container":"","neve_meta_enable_content_width":"on","neve_meta_content_width":100,"neve_meta_title_alignment":"","neve_meta_author_avatar":"","neve_post_elements_order":"","neve_meta_disable_header":"","neve_meta_disable_footer":"","neve_meta_disable_title":"on","footnotes":""},"class_list":["post-10","page","type-page","status-publish","hentry"],"_links":{"self":[{"href":"http:\/\/slon.elsatnet.cz\/wp11\/index.php\/wp-json\/wp\/v2\/pages\/10","targetHints":{"allow":["GET"]}}],"collection":[{"href":"http:\/\/slon.elsatnet.cz\/wp11\/index.php\/wp-json\/wp\/v2\/pages"}],"about":[{"href":"http:\/\/slon.elsatnet.cz\/wp11\/index.php\/wp-json\/wp\/v2\/types\/page"}],"author":[{"embeddable":true,"href":"http:\/\/slon.elsatnet.cz\/wp11\/index.php\/wp-json\/wp\/v2\/users\/1"}],"replies":[{"embeddable":true,"href":"http:\/\/slon.elsatnet.cz\/wp11\/index.php\/wp-json\/wp\/v2\/comments?post=10"}],"version-history":[{"count":7,"href":"http:\/\/slon.elsatnet.cz\/wp11\/index.php\/wp-json\/wp\/v2\/pages\/10\/revisions"}],"predecessor-version":[{"id":167,"href":"http:\/\/slon.elsatnet.cz\/wp11\/index.php\/wp-json\/wp\/v2\/pages\/10\/revisions\/167"}],"wp:attachment":[{"href":"http:\/\/slon.elsatnet.cz\/wp11\/index.php\/wp-json\/wp\/v2\/media?parent=10"}],"curies":[{"name":"wp","href":"https:\/\/api.w.org\/{rel}","templated":true}]}}